{"id":478,"date":"2023-02-15T01:03:31","date_gmt":"2023-02-15T01:03:31","guid":{"rendered":"https:\/\/www.saludsanagustin.cl\/csa\/?page_id=478"},"modified":"2023-12-28T14:59:32","modified_gmt":"2023-12-28T14:59:32","slug":"area-de-procedimientos","status":"publish","type":"page","link":"https:\/\/www.saludsanagustin.cl\/csa\/areas-medicas\/area-de-procedimientos\/","title":{"rendered":"\u00c1rea de Procedimientos"},"content":{"rendered":"<p>[et_pb_section fb_built=\u00bb1&#8243; fullwidth=\u00bbon\u00bb _builder_version=\u00bb4.19.5&#8243; _module_preset=\u00bbdefault\u00bb global_colors_info=\u00bb{}\u00bb][et_pb_fullwidth_slider arrows_custom_color=\u00bb#00cec9&#8243; dot_nav_custom_color=\u00bb#00cec9&#8243; _builder_version=\u00bb4.19.5&#8243; _module_preset=\u00bbdefault\u00bb min_height=\u00bb450px\u00bb min_height_tablet=\u00bb450px\u00bb min_height_phone=\u00bb138px\u00bb min_height_last_edited=\u00bbon|desktop\u00bb locked=\u00bboff\u00bb global_colors_info=\u00bb{}\u00bb][et_pb_slide admin_title=\u00bb\u00c1rea de Procedimientos\u00bb _builder_version=\u00bb4.19.5&#8243; _module_preset=\u00bbdefault\u00bb background_enable_color=\u00bboff\u00bb background_image=\u00bbhttps:\/\/www.saludsanagustin.cl\/csa\/wp-content\/uploads\/2023\/02\/Area-de-Procedimientos.jpg\u00bb background_enable_image=\u00bbon\u00bb locked=\u00bboff\u00bb global_colors_info=\u00bb{}\u00bb sticky_transition=\u00bbon\u00bb][\/et_pb_slide][\/et_pb_fullwidth_slider][\/et_pb_section][et_pb_section fb_built=\u00bb1&#8243; _builder_version=\u00bb4.19.5&#8243; _module_preset=\u00bbdefault\u00bb custom_padding=\u00bb0px||40px||false|false\u00bb global_colors_info=\u00bb{}\u00bb][et_pb_row _builder_version=\u00bb4.19.5&#8243; _module_preset=\u00bbdefault\u00bb custom_padding=\u00bb50px||||false|false\u00bb global_colors_info=\u00bb{}\u00bb][et_pb_column type=\u00bb4_4&#8243; _builder_version=\u00bb4.19.5&#8243; _module_preset=\u00bbdefault\u00bb global_colors_info=\u00bb{}\u00bb][et_pb_text _builder_version=\u00bb4.19.5&#8243; _module_preset=\u00bbdefault\u00bb text_text_color=\u00bb#27c0a5&#8243; text_font_size=\u00bb18px\u00bb header_font=\u00bb|700|||||||\u00bb header_text_color=\u00bb#27c0a5&#8243; header_font_size=\u00bb23px\u00bb custom_margin=\u00bb||4px|||\u00bb text_font_size_tablet=\u00bb18px\u00bb text_font_size_phone=\u00bb14px\u00bb text_font_size_last_edited=\u00bbon|desktop\u00bb header_font_size_tablet=\u00bb\u00bb header_font_size_phone=\u00bb18px\u00bb header_font_size_last_edited=\u00bbon|phone\u00bb locked=\u00bboff\u00bb global_colors_info=\u00bb{}\u00bb]<\/p>\n<h1>&gt; \u00c1rea de Procedimientos<\/h1>\n<p>[\/et_pb_text][\/et_pb_column][\/et_pb_row][et_pb_row column_structure=\u00bb1_2,1_2&#8243; _builder_version=\u00bb4.19.5&#8243; _module_preset=\u00bbdefault\u00bb custom_padding=\u00bb0px|||||\u00bb global_colors_info=\u00bb{}\u00bb][et_pb_column type=\u00bb1_2&#8243; _builder_version=\u00bb4.19.5&#8243; _module_preset=\u00bbdefault\u00bb global_colors_info=\u00bb{}\u00bb][et_pb_blurb title=\u00bbUnidad de Gastroenterolog\u00eda\u00bb image=\u00bbhttps:\/\/www.saludsanagustin.cl\/csa\/wp-content\/uploads\/2023\/02\/flecha-especialidades.svg\u00bb icon_placement=\u00bbleft\u00bb image_icon_width=\u00bb100%\u00bb image_icon_width_tablet=\u00bb100%\u00bb image_icon_width_phone=\u00bb100%\u00bb image_icon_width_last_edited=\u00bbon|phone\u00bb _builder_version=\u00bb4.20.4&#8243; _module_preset=\u00bbdefault\u00bb header_text_color=\u00bb#7d7d7d\u00bb custom_margin=\u00bb0px||10px||false|false\u00bb custom_padding=\u00bb||||true|false\u00bb hover_enabled=\u00bb0&#8243; header_font_size_tablet=\u00bb\u00bb header_font_size_phone=\u00bb\u00bb header_font_size_last_edited=\u00bbon|phone\u00bb custom_css_blurb_title=\u00bbmargin-top:8px;\u00bb global_colors_info=\u00bb{}\u00bb header_letter_spacing__hover_enabled=\u00bboff|desktop\u00bb sticky_enabled=\u00bb0&#8243;]<\/p>\n<ul>\n<li>Endoscop\u00eda Digestiva alta y Colonoscop\u00eda<\/li>\n<li>Polipectom\u00eda o mucosectom\u00eda, endoscop\u00eda alta y baja<\/li>\n<\/ul>\n<p>[\/et_pb_blurb][et_pb_blurb title=\u00bbUnidad de Cardiolog\u00eda\u00bb image=\u00bbhttps:\/\/www.saludsanagustin.cl\/csa\/wp-content\/uploads\/2023\/02\/flecha-especialidades.svg\u00bb icon_placement=\u00bbleft\u00bb _builder_version=\u00bb4.20.4&#8243; _module_preset=\u00bbdefault\u00bb header_text_color=\u00bb#7d7d7d\u00bb custom_margin=\u00bb0px||10px||false|false\u00bb custom_padding=\u00bb||||true|false\u00bb hover_enabled=\u00bb0&#8243; header_font_size_tablet=\u00bb\u00bb header_font_size_phone=\u00bb\u00bb header_font_size_last_edited=\u00bbon|desktop\u00bb custom_css_blurb_title=\u00bbmargin-top:8px;\u00bb global_colors_info=\u00bb{}\u00bb header_letter_spacing__hover_enabled=\u00bboff|desktop\u00bb sticky_enabled=\u00bb0&#8243;]<\/p>\n<ul>\n<li>Ecocardiograma Doppler<\/li>\n<li>Electrocardiograma<\/li>\n<li>Holter de Presi\u00f3n<\/li>\n<li>Holter de Ritmo<\/li>\n<li>Test de Esfuerzo<\/li>\n<\/ul>\n<p>[\/et_pb_blurb][et_pb_blurb title=\u00bbProcedimientos Urolog\u00eda\u00bb image=\u00bbhttps:\/\/www.saludsanagustin.cl\/csa\/wp-content\/uploads\/2023\/02\/flecha-especialidades.svg\u00bb icon_placement=\u00bbleft\u00bb _builder_version=\u00bb4.20.4&#8243; _module_preset=\u00bbdefault\u00bb header_text_color=\u00bb#7d7d7d\u00bb custom_margin=\u00bb0px||10px||false|false\u00bb custom_padding=\u00bb||||true|false\u00bb hover_enabled=\u00bb0&#8243; header_font_size_tablet=\u00bb\u00bb header_font_size_phone=\u00bb\u00bb header_font_size_last_edited=\u00bbon|desktop\u00bb custom_css_blurb_title=\u00bbmargin-top:8px;\u00bb global_colors_info=\u00bb{}\u00bb header_letter_spacing__hover_enabled=\u00bboff|desktop\u00bb sticky_enabled=\u00bb0&#8243;]<\/p>\n<ul>\n<li>Cistoscop\u00eda<\/li>\n<li>Uroflujometr\u00eda<\/li>\n<\/ul>\n<p>[\/et_pb_blurb][et_pb_blurb title=\u00bbProcedimientos Gineco \u2013 obstetricia\u00bb image=\u00bbhttps:\/\/www.saludsanagustin.cl\/csa\/wp-content\/uploads\/2023\/02\/flecha-especialidades.svg\u00bb icon_placement=\u00bbleft\u00bb _builder_version=\u00bb4.19.5&#8243; _module_preset=\u00bbdefault\u00bb header_text_color=\u00bb#7d7d7d\u00bb custom_margin=\u00bb0px||10px||false|false\u00bb custom_padding=\u00bb||||true|false\u00bb header_font_size_tablet=\u00bb\u00bb header_font_size_phone=\u00bb\u00bb header_font_size_last_edited=\u00bbon|desktop\u00bb custom_css_blurb_title=\u00bbmargin-top:8px;\u00bb global_colors_info=\u00bb{}\u00bb header_letter_spacing__hover_enabled=\u00bboff|desktop\u00bb]<\/p>\n<ul>\n<li>Papanicolau<\/li>\n<\/ul>\n<p>[\/et_pb_blurb][et_pb_blurb title=\u00bbProcedimientos Neurolog\u00eda\u00bb image=\u00bbhttps:\/\/www.saludsanagustin.cl\/csa\/wp-content\/uploads\/2023\/02\/flecha-especialidades.svg\u00bb icon_placement=\u00bbleft\u00bb _builder_version=\u00bb4.20.4&#8243; _module_preset=\u00bbdefault\u00bb header_text_color=\u00bb#7d7d7d\u00bb custom_margin=\u00bb0px||10px||false|false\u00bb custom_padding=\u00bb||||true|false\u00bb header_font_size_tablet=\u00bb\u00bb header_font_size_phone=\u00bb\u00bb header_font_size_last_edited=\u00bbon|desktop\u00bb custom_css_blurb_title=\u00bbmargin-top:8px;\u00bb global_colors_info=\u00bb{}\u00bb header_letter_spacing__hover_enabled=\u00bboff|desktop\u00bb]<\/p>\n<ul>\n<li>Electroencefalograma<\/li>\n<\/ul>\n<p>[\/et_pb_blurb][\/et_pb_column][et_pb_column type=\u00bb1_2&#8243; _builder_version=\u00bb4.19.5&#8243; _module_preset=\u00bbdefault\u00bb global_colors_info=\u00bb{}\u00bb][et_pb_blurb title=\u00bbUnidad de Traumatolog\u00eda\u00bb image=\u00bbhttps:\/\/www.saludsanagustin.cl\/csa\/wp-content\/uploads\/2023\/02\/flecha-especialidades.svg\u00bb icon_placement=\u00bbleft\u00bb _builder_version=\u00bb4.19.5&#8243; _module_preset=\u00bbdefault\u00bb header_text_color=\u00bb#7d7d7d\u00bb custom_margin=\u00bb0px||10px||false|false\u00bb custom_padding=\u00bb||||true|false\u00bb header_font_size_tablet=\u00bb\u00bb header_font_size_phone=\u00bb\u00bb header_font_size_last_edited=\u00bbon|desktop\u00bb custom_css_blurb_title=\u00bbmargin-top:8px;\u00bb global_colors_info=\u00bb{}\u00bb header_letter_spacing__hover_enabled=\u00bboff|desktop\u00bb]<\/p>\n<ul>\n<li>Infiltraci\u00f3n y colocaci\u00f3n de yeso<\/li>\n<\/ul>\n<p>[\/et_pb_blurb][et_pb_blurb title=\u00bbEx\u00e1menes y procedimientos de Otorrinolaringolog\u00eda\u00bb image=\u00bbhttps:\/\/www.saludsanagustin.cl\/csa\/wp-content\/uploads\/2023\/02\/flecha-especialidades.svg\u00bb icon_placement=\u00bbleft\u00bb _builder_version=\u00bb4.19.5&#8243; _module_preset=\u00bbdefault\u00bb header_text_color=\u00bb#7d7d7d\u00bb custom_margin=\u00bb0px||10px||false|false\u00bb custom_padding=\u00bb||||true|false\u00bb header_font_size_tablet=\u00bb\u00bb header_font_size_phone=\u00bb\u00bb header_font_size_last_edited=\u00bbon|desktop\u00bb custom_css_blurb_title=\u00bbmargin-top:8px;\u00bb global_colors_info=\u00bb{}\u00bb header_letter_spacing__hover_enabled=\u00bboff|desktop\u00bb]<\/p>\n<ul>\n<li>Impedanciometr\u00eda<\/li>\n<li>Audiometr\u00eda (Adulto e infantil)<\/li>\n<li>Examen funcional de VIII Par<\/li>\n<li>Funci\u00f3n tubaria<\/li>\n<\/ul>\n<p>[\/et_pb_blurb][et_pb_blurb title=\u00bbProcedimientos de Oftalmolog\u00eda\u00bb image=\u00bbhttps:\/\/www.saludsanagustin.cl\/csa\/wp-content\/uploads\/2023\/02\/flecha-especialidades.svg\u00bb icon_placement=\u00bbleft\u00bb _builder_version=\u00bb4.20.4&#8243; _module_preset=\u00bbdefault\u00bb header_text_color=\u00bb#7d7d7d\u00bb custom_margin=\u00bb0px||10px||false|false\u00bb custom_padding=\u00bb||||true|false\u00bb hover_enabled=\u00bb0&#8243; header_font_size_tablet=\u00bb\u00bb header_font_size_phone=\u00bb\u00bb header_font_size_last_edited=\u00bbon|desktop\u00bb custom_css_blurb_title=\u00bbmargin-top:8px;\u00bb global_colors_info=\u00bb{}\u00bb header_letter_spacing__hover_enabled=\u00bboff|desktop\u00bb sticky_enabled=\u00bb0&#8243;]<\/p>\n<ul>\n<li>Angiograf\u00eda de retina o de iris, (con fluoresce\u00edna o sim.)<\/li>\n<li>Autorrefratometr\u00eda con ciclopegia<\/li>\n<li>Campimetr\u00eda computarizada, unilateral<\/li>\n<li>Curva de tensi\u00f3n aplan\u00e1tica<\/li>\n<li>Ecobiometr\u00eda con c\u00e1lculo de lente intraocular (IOL Master)<\/li>\n<li>Ecograf\u00eda Modo B<\/li>\n<li>Estudios de Estrabismos<\/li>\n<li>Fotopapila<\/li>\n<li>Microscopia Especular<\/li>\n<li>Paquimetr\u00eda<\/li>\n<li>Retinograf\u00eda<\/li>\n<li>Tomograf\u00eda coherencia \u00f3ptica (OCT)<\/li>\n<li>Tratamiento ort\u00f3ptico y\/ o ple\u00f3ptico<\/li>\n<\/ul>\n<p>[\/et_pb_blurb][\/et_pb_column][\/et_pb_row][\/et_pb_section]<\/p>\n","protected":false},"excerpt":{"rendered":"<p>&gt; \u00c1rea de Procedimientos Endoscop\u00eda Digestiva alta y Colonoscop\u00eda Polipectom\u00eda o mucosectom\u00eda, endoscop\u00eda alta y baja Ecocardiograma Doppler Electrocardiograma Holter de Presi\u00f3n Holter de Ritmo Test de Esfuerzo Cistoscop\u00eda Uroflujometr\u00eda Papanicolau Electroencefalograma Infiltraci\u00f3n y colocaci\u00f3n de yeso Impedanciometr\u00eda Audiometr\u00eda (Adulto e infantil) Examen funcional de VIII Par Funci\u00f3n tubaria Angiograf\u00eda de retina o de iris, [&hellip;]<\/p>\n","protected":false},"author":1,"featured_media":0,"parent":47,"menu_order":0,"comment_status":"closed","ping_status":"closed","template":"","meta":{"_et_pb_use_builder":"on","_et_pb_old_content":"","_et_gb_content_width":"","inline_featured_image":false,"footnotes":""},"class_list":["post-478","page","type-page","status-publish","hentry"],"_links":{"self":[{"href":"https:\/\/www.saludsanagustin.cl\/csa\/wp-json\/wp\/v2\/pages\/478","targetHints":{"allow":["GET"]}}],"collection":[{"href":"https:\/\/www.saludsanagustin.cl\/csa\/wp-json\/wp\/v2\/pages"}],"about":[{"href":"https:\/\/www.saludsanagustin.cl\/csa\/wp-json\/wp\/v2\/types\/page"}],"author":[{"embeddable":true,"href":"https:\/\/www.saludsanagustin.cl\/csa\/wp-json\/wp\/v2\/users\/1"}],"replies":[{"embeddable":true,"href":"https:\/\/www.saludsanagustin.cl\/csa\/wp-json\/wp\/v2\/comments?post=478"}],"version-history":[{"count":12,"href":"https:\/\/www.saludsanagustin.cl\/csa\/wp-json\/wp\/v2\/pages\/478\/revisions"}],"predecessor-version":[{"id":1803,"href":"https:\/\/www.saludsanagustin.cl\/csa\/wp-json\/wp\/v2\/pages\/478\/revisions\/1803"}],"up":[{"embeddable":true,"href":"https:\/\/www.saludsanagustin.cl\/csa\/wp-json\/wp\/v2\/pages\/47"}],"wp:attachment":[{"href":"https:\/\/www.saludsanagustin.cl\/csa\/wp-json\/wp\/v2\/media?parent=478"}],"curies":[{"name":"wp","href":"https:\/\/api.w.org\/{rel}","templated":true}]}}