{"id":452,"date":"2023-02-14T23:56:28","date_gmt":"2023-02-14T23:56:28","guid":{"rendered":"https:\/\/www.saludsanagustin.cl\/csa\/?page_id=452"},"modified":"2023-12-27T14:28:25","modified_gmt":"2023-12-27T14:28:25","slug":"imagenologia","status":"publish","type":"page","link":"https:\/\/www.saludsanagustin.cl\/csa\/areas-medicas\/imagenologia\/","title":{"rendered":"Imagenolog\u00eda"},"content":{"rendered":"<p>[et_pb_section fb_built=\u00bb1&#8243; fullwidth=\u00bbon\u00bb _builder_version=\u00bb4.19.5&#8243; _module_preset=\u00bbdefault\u00bb global_colors_info=\u00bb{}\u00bb][et_pb_fullwidth_slider arrows_custom_color=\u00bb#00cec9&#8243; dot_nav_custom_color=\u00bb#00cec9&#8243; _builder_version=\u00bb4.19.5&#8243; _module_preset=\u00bbdefault\u00bb min_height=\u00bb450px\u00bb min_height_tablet=\u00bb450px\u00bb min_height_phone=\u00bb138px\u00bb min_height_last_edited=\u00bbon|desktop\u00bb locked=\u00bboff\u00bb global_colors_info=\u00bb{}\u00bb][et_pb_slide admin_title=\u00bbImagenolog\u00eda\u00bb _builder_version=\u00bb4.19.5&#8243; _module_preset=\u00bbdefault\u00bb background_enable_color=\u00bboff\u00bb background_image=\u00bbhttps:\/\/www.saludsanagustin.cl\/csa\/wp-content\/uploads\/2023\/02\/Imagenologia.jpeg\u00bb background_enable_image=\u00bbon\u00bb locked=\u00bboff\u00bb global_colors_info=\u00bb{}\u00bb sticky_transition=\u00bbon\u00bb][\/et_pb_slide][\/et_pb_fullwidth_slider][\/et_pb_section][et_pb_section fb_built=\u00bb1&#8243; _builder_version=\u00bb4.19.5&#8243; _module_preset=\u00bbdefault\u00bb custom_padding=\u00bb0px||40px||false|false\u00bb global_colors_info=\u00bb{}\u00bb][et_pb_row _builder_version=\u00bb4.19.5&#8243; _module_preset=\u00bbdefault\u00bb custom_padding=\u00bb50px||||false|false\u00bb global_colors_info=\u00bb{}\u00bb][et_pb_column type=\u00bb4_4&#8243; _builder_version=\u00bb4.19.5&#8243; _module_preset=\u00bbdefault\u00bb global_colors_info=\u00bb{}\u00bb][et_pb_text _builder_version=\u00bb4.19.5&#8243; _module_preset=\u00bbdefault\u00bb text_text_color=\u00bb#27c0a5&#8243; text_font_size=\u00bb18px\u00bb header_font=\u00bb|700|||||||\u00bb header_text_color=\u00bb#27c0a5&#8243; header_font_size=\u00bb23px\u00bb custom_margin=\u00bb||4px|||\u00bb text_font_size_tablet=\u00bb18px\u00bb text_font_size_phone=\u00bb14px\u00bb text_font_size_last_edited=\u00bbon|desktop\u00bb header_font_size_tablet=\u00bb\u00bb header_font_size_phone=\u00bb18px\u00bb header_font_size_last_edited=\u00bbon|phone\u00bb locked=\u00bboff\u00bb global_colors_info=\u00bb{}\u00bb]<\/p>\n<h1>&gt; Imagenolog\u00eda<\/h1>\n<p>[\/et_pb_text][\/et_pb_column][\/et_pb_row][et_pb_row column_structure=\u00bb1_2,1_2&#8243; _builder_version=\u00bb4.19.5&#8243; _module_preset=\u00bbdefault\u00bb custom_padding=\u00bb0px|||||\u00bb global_colors_info=\u00bb{}\u00bb][et_pb_column type=\u00bb1_2&#8243; _builder_version=\u00bb4.19.5&#8243; _module_preset=\u00bbdefault\u00bb global_colors_info=\u00bb{}\u00bb][et_pb_blurb title=\u00bbRadiolog\u00eda Digital\u00bb image=\u00bbhttps:\/\/www.saludsanagustin.cl\/csa\/wp-content\/uploads\/2023\/02\/flecha-especialidades.svg\u00bb icon_placement=\u00bbleft\u00bb image_icon_width=\u00bb100%\u00bb image_icon_width_tablet=\u00bb100%\u00bb image_icon_width_phone=\u00bb100%\u00bb image_icon_width_last_edited=\u00bbon|phone\u00bb _builder_version=\u00bb4.19.5&#8243; _module_preset=\u00bbdefault\u00bb header_text_color=\u00bb#7d7d7d\u00bb custom_margin=\u00bb0px||10px||false|false\u00bb custom_padding=\u00bb||||true|false\u00bb header_font_size_tablet=\u00bb\u00bb header_font_size_phone=\u00bb\u00bb header_font_size_last_edited=\u00bbon|phone\u00bb custom_css_blurb_title=\u00bbmargin-top:8px;\u00bb global_colors_info=\u00bb{}\u00bb header_letter_spacing__hover_enabled=\u00bboff|desktop\u00bb][\/et_pb_blurb][et_pb_blurb title=\u00bbEcotomograf\u00edas Generales, Doppler y partes blandas\u00bb image=\u00bbhttps:\/\/www.saludsanagustin.cl\/csa\/wp-content\/uploads\/2023\/02\/flecha-especialidades.svg\u00bb icon_placement=\u00bbleft\u00bb _builder_version=\u00bb4.20.4&#8243; _module_preset=\u00bbdefault\u00bb header_text_color=\u00bb#7d7d7d\u00bb custom_margin=\u00bb0px||10px||false|false\u00bb custom_padding=\u00bb||||true|false\u00bb hover_enabled=\u00bb0&#8243; header_font_size_tablet=\u00bb\u00bb header_font_size_phone=\u00bb\u00bb header_font_size_last_edited=\u00bbon|desktop\u00bb custom_css_blurb_title=\u00bbmargin-top:8px;\u00bb global_colors_info=\u00bb{}\u00bb header_letter_spacing__hover_enabled=\u00bboff|desktop\u00bb sticky_enabled=\u00bb0&#8243;][\/et_pb_blurb][et_pb_blurb title=\u00bbMamograf\u00eda\u00bb image=\u00bbhttps:\/\/www.saludsanagustin.cl\/csa\/wp-content\/uploads\/2023\/02\/flecha-especialidades.svg\u00bb icon_placement=\u00bbleft\u00bb _builder_version=\u00bb4.19.5&#8243; _module_preset=\u00bbdefault\u00bb header_text_color=\u00bb#7d7d7d\u00bb custom_margin=\u00bb0px||10px||false|false\u00bb custom_padding=\u00bb||||true|false\u00bb header_font_size_tablet=\u00bb\u00bb header_font_size_phone=\u00bb\u00bb header_font_size_last_edited=\u00bbon|desktop\u00bb custom_css_blurb_title=\u00bbmargin-top:8px;\u00bb global_colors_info=\u00bb{}\u00bb header_letter_spacing__hover_enabled=\u00bboff|desktop\u00bb][\/et_pb_blurb][et_pb_blurb title=\u00bbTomograf\u00eda Axial Computarizada (Scanner)\u00bb image=\u00bbhttps:\/\/www.saludsanagustin.cl\/csa\/wp-content\/uploads\/2023\/02\/flecha-especialidades.svg\u00bb icon_placement=\u00bbleft\u00bb _builder_version=\u00bb4.19.5&#8243; _module_preset=\u00bbdefault\u00bb header_text_color=\u00bb#7d7d7d\u00bb custom_margin=\u00bb0px||10px||false|false\u00bb custom_padding=\u00bb||||true|false\u00bb header_font_size_tablet=\u00bb\u00bb header_font_size_phone=\u00bb\u00bb header_font_size_last_edited=\u00bbon|desktop\u00bb custom_css_blurb_title=\u00bbmargin-top:8px;\u00bb global_colors_info=\u00bb{}\u00bb header_letter_spacing__hover_enabled=\u00bboff|desktop\u00bb][\/et_pb_blurb][\/et_pb_column][et_pb_column type=\u00bb1_2&#8243; _builder_version=\u00bb4.19.5&#8243; _module_preset=\u00bbdefault\u00bb global_colors_info=\u00bb{}\u00bb][et_pb_blurb title=\u00bbResonancia Nuclear Magn\u00e9tica\u00bb image=\u00bbhttps:\/\/www.saludsanagustin.cl\/csa\/wp-content\/uploads\/2023\/02\/flecha-especialidades.svg\u00bb icon_placement=\u00bbleft\u00bb _builder_version=\u00bb4.19.5&#8243; _module_preset=\u00bbdefault\u00bb header_text_color=\u00bb#7d7d7d\u00bb custom_margin=\u00bb0px||10px||false|false\u00bb custom_padding=\u00bb||||true|false\u00bb header_font_size_tablet=\u00bb\u00bb header_font_size_phone=\u00bb\u00bb header_font_size_last_edited=\u00bbon|desktop\u00bb custom_css_blurb_title=\u00bbmargin-top:8px;\u00bb global_colors_info=\u00bb{}\u00bb header_letter_spacing__hover_enabled=\u00bboff|desktop\u00bb][\/et_pb_blurb][et_pb_blurb title=\u00bbEcotomograf\u00edas Obst\u00e9tricas y Ginecol\u00f3gicas\u00bb image=\u00bbhttps:\/\/www.saludsanagustin.cl\/csa\/wp-content\/uploads\/2023\/02\/flecha-especialidades.svg\u00bb icon_placement=\u00bbleft\u00bb _builder_version=\u00bb4.20.4&#8243; _module_preset=\u00bbdefault\u00bb header_text_color=\u00bb#7d7d7d\u00bb custom_margin=\u00bb0px||10px||false|false\u00bb custom_padding=\u00bb||||true|false\u00bb hover_enabled=\u00bb0&#8243; header_font_size_tablet=\u00bb\u00bb header_font_size_phone=\u00bb\u00bb header_font_size_last_edited=\u00bbon|desktop\u00bb custom_css_blurb_title=\u00bbmargin-top:8px;\u00bb global_colors_info=\u00bb{}\u00bb header_letter_spacing__hover_enabled=\u00bboff|desktop\u00bb sticky_enabled=\u00bb0&#8243;][\/et_pb_blurb][et_pb_blurb title=\u00bbDensitometr\u00eda \u00d3sea\u00bb image=\u00bbhttps:\/\/www.saludsanagustin.cl\/csa\/wp-content\/uploads\/2023\/02\/flecha-especialidades.svg\u00bb icon_placement=\u00bbleft\u00bb _builder_version=\u00bb4.20.4&#8243; _module_preset=\u00bbdefault\u00bb header_text_color=\u00bb#7d7d7d\u00bb custom_margin=\u00bb0px||10px||false|false\u00bb custom_padding=\u00bb||||true|false\u00bb hover_enabled=\u00bb0&#8243; header_font_size_tablet=\u00bb\u00bb header_font_size_phone=\u00bb\u00bb header_font_size_last_edited=\u00bbon|desktop\u00bb custom_css_blurb_title=\u00bbmargin-top:8px;\u00bb global_colors_info=\u00bb{}\u00bb header_letter_spacing__hover_enabled=\u00bboff|desktop\u00bb sticky_enabled=\u00bb0&#8243;][\/et_pb_blurb][\/et_pb_column][\/et_pb_row][\/et_pb_section]<\/p>\n","protected":false},"excerpt":{"rendered":"<p>&gt; Imagenolog\u00eda<\/p>\n","protected":false},"author":1,"featured_media":0,"parent":47,"menu_order":0,"comment_status":"closed","ping_status":"closed","template":"","meta":{"_et_pb_use_builder":"on","_et_pb_old_content":"","_et_gb_content_width":"","inline_featured_image":false,"footnotes":""},"class_list":["post-452","page","type-page","status-publish","hentry"],"_links":{"self":[{"href":"https:\/\/www.saludsanagustin.cl\/csa\/wp-json\/wp\/v2\/pages\/452","targetHints":{"allow":["GET"]}}],"collection":[{"href":"https:\/\/www.saludsanagustin.cl\/csa\/wp-json\/wp\/v2\/pages"}],"about":[{"href":"https:\/\/www.saludsanagustin.cl\/csa\/wp-json\/wp\/v2\/types\/page"}],"author":[{"embeddable":true,"href":"https:\/\/www.saludsanagustin.cl\/csa\/wp-json\/wp\/v2\/users\/1"}],"replies":[{"embeddable":true,"href":"https:\/\/www.saludsanagustin.cl\/csa\/wp-json\/wp\/v2\/comments?post=452"}],"version-history":[{"count":4,"href":"https:\/\/www.saludsanagustin.cl\/csa\/wp-json\/wp\/v2\/pages\/452\/revisions"}],"predecessor-version":[{"id":1788,"href":"https:\/\/www.saludsanagustin.cl\/csa\/wp-json\/wp\/v2\/pages\/452\/revisions\/1788"}],"up":[{"embeddable":true,"href":"https:\/\/www.saludsanagustin.cl\/csa\/wp-json\/wp\/v2\/pages\/47"}],"wp:attachment":[{"href":"https:\/\/www.saludsanagustin.cl\/csa\/wp-json\/wp\/v2\/media?parent=452"}],"curies":[{"name":"wp","href":"https:\/\/api.w.org\/{rel}","templated":true}]}}