{"id":425,"date":"2023-02-14T23:27:23","date_gmt":"2023-02-14T23:27:23","guid":{"rendered":"https:\/\/www.saludsanagustin.cl\/csa\/?page_id=425"},"modified":"2024-11-11T13:20:53","modified_gmt":"2024-11-11T13:20:53","slug":"area-dental","status":"publish","type":"page","link":"https:\/\/www.saludsanagustin.cl\/csa\/areas-medicas\/area-dental\/","title":{"rendered":"\u00c1rea Dental"},"content":{"rendered":"<p>[et_pb_section fb_built=\u00bb1&#8243; fullwidth=\u00bbon\u00bb _builder_version=\u00bb4.19.5&#8243; _module_preset=\u00bbdefault\u00bb global_colors_info=\u00bb{}\u00bb][et_pb_fullwidth_slider arrows_custom_color=\u00bb#00cec9&#8243; dot_nav_custom_color=\u00bb#00cec9&#8243; _builder_version=\u00bb4.19.5&#8243; _module_preset=\u00bbdefault\u00bb min_height=\u00bb450px\u00bb min_height_tablet=\u00bb450px\u00bb min_height_phone=\u00bb138px\u00bb min_height_last_edited=\u00bbon|desktop\u00bb locked=\u00bboff\u00bb global_colors_info=\u00bb{}\u00bb][et_pb_slide admin_title=\u00bb\u00c1rea Dental\u00bb _builder_version=\u00bb4.19.5&#8243; _module_preset=\u00bbdefault\u00bb background_enable_color=\u00bboff\u00bb background_image=\u00bbhttps:\/\/www.saludsanagustin.cl\/csa\/wp-content\/uploads\/2023\/02\/Dental.jpg\u00bb background_enable_image=\u00bbon\u00bb locked=\u00bboff\u00bb global_colors_info=\u00bb{}\u00bb sticky_transition=\u00bbon\u00bb][\/et_pb_slide][\/et_pb_fullwidth_slider][\/et_pb_section][et_pb_section fb_built=\u00bb1&#8243; _builder_version=\u00bb4.19.5&#8243; _module_preset=\u00bbdefault\u00bb background_color=\u00bb#eff9ff\u00bb custom_padding=\u00bb10px||10px||true|false\u00bb locked=\u00bboff\u00bb global_colors_info=\u00bb{}\u00bb][et_pb_row column_structure=\u00bb1_4,1_2,1_4&#8243; make_equal=\u00bbon\u00bb _builder_version=\u00bb4.19.5&#8243; _module_preset=\u00bbdefault\u00bb custom_css_main_element=\u00bbalign-items:center;\u00bb global_colors_info=\u00bb{}\u00bb][et_pb_column type=\u00bb1_4&#8243; _builder_version=\u00bb4.19.5&#8243; _module_preset=\u00bbdefault\u00bb global_colors_info=\u00bb{}\u00bb][et_pb_image src=\u00bbhttps:\/\/www.saludsanagustin.cl\/csa\/wp-content\/uploads\/2024\/11\/reserva.png\u00bb align=\u00bbcenter\u00bb align_tablet=\u00bb\u00bb align_phone=\u00bbcenter\u00bb align_last_edited=\u00bbon|phone\u00bb _builder_version=\u00bb4.20.4&#8243; _module_preset=\u00bbdefault\u00bb transform_scale_tablet=\u00bb\u00bb transform_scale_phone=\u00bb\u00bb transform_scale_last_edited=\u00bbon|phone\u00bb transform_translate_tablet=\u00bb\u00bb transform_translate_phone=\u00bb\u00bb transform_translate_last_edited=\u00bbon|phone\u00bb transform_rotate_tablet=\u00bb\u00bb transform_rotate_phone=\u00bb\u00bb transform_rotate_last_edited=\u00bbon|desktop\u00bb transform_skew_tablet=\u00bb\u00bb transform_skew_phone=\u00bb\u00bb transform_skew_last_edited=\u00bbon|desktop\u00bb transform_origin_tablet=\u00bb\u00bb transform_origin_phone=\u00bb\u00bb transform_origin_last_edited=\u00bbon|desktop\u00bb transform_styles_last_edited=\u00bbon|phone\u00bb width_tablet=\u00bb\u00bb width_phone=\u00bb28%\u00bb width_last_edited=\u00bbon|phone\u00bb custom_margin_tablet=\u00bb\u00bb custom_margin_phone=\u00bb||-16px||false|false\u00bb custom_margin_last_edited=\u00bbon|phone\u00bb hover_enabled=\u00bb0&#8243; transform_styles_tablet=\u00bb\u00bb transform_styles_phone=\u00bb\u00bb module_alignment_tablet=\u00bb\u00bb module_alignment_phone=\u00bbcenter\u00bb module_alignment_last_edited=\u00bbon|phone\u00bb global_colors_info=\u00bb{}\u00bb custom_css_main_element=\u00bbmax-width:150px;\u00bb sticky_enabled=\u00bb0&#8243;][\/et_pb_image][\/et_pb_column][et_pb_column type=\u00bb1_2&#8243; _builder_version=\u00bb4.19.5&#8243; _module_preset=\u00bbdefault\u00bb global_colors_info=\u00bb{}\u00bb][et_pb_text _builder_version=\u00bb4.19.5&#8243; _module_preset=\u00bbdefault\u00bb header_font=\u00bb|700|||||||\u00bb header_text_color=\u00bb#27c0a5&#8243; header_font_size=\u00bb23px\u00bb custom_margin=\u00bb||4px|||\u00bb header_font_size_tablet=\u00bb\u00bb header_font_size_phone=\u00bb18px\u00bb header_font_size_last_edited=\u00bbon|phone\u00bb global_colors_info=\u00bb{}\u00bb]<\/p>\n<h1>&gt; Agenda tu hora<\/h1>\n<p>[\/et_pb_text][et_pb_text _builder_version=\u00bb4.19.5&#8243; _module_preset=\u00bbdefault\u00bb text_text_color=\u00bb#7d7d7d\u00bb text_font_size_tablet=\u00bb18px\u00bb text_font_size_phone=\u00bb14px\u00bb text_font_size_last_edited=\u00bbon|phone\u00bb text_orientation_tablet=\u00bb\u00bb text_orientation_phone=\u00bb\u00bb text_orientation_last_edited=\u00bbon|phone\u00bb global_colors_info=\u00bb{}\u00bb]<\/p>\n<p>Agende su hora y agilice el proceso para una <strong>atenci\u00f3n r\u00e1pida y oportuna.<\/strong><br \/>Horarios de Atenci\u00f3n de Lunes a viernes de 09:00 a 18:00 horas y<br \/>S\u00e1bados de 09:00 a 12:00 horas.<\/p>\n<p>[\/et_pb_text][\/et_pb_column][et_pb_column type=\u00bb1_4&#8243; _builder_version=\u00bb4.19.5&#8243; _module_preset=\u00bbdefault\u00bb global_colors_info=\u00bb{}\u00bb][et_pb_button button_url=\u00bb@ET-DC@eyJkeW5hbWljIjp0cnVlLCJjb250ZW50IjoicG9zdF9saW5rX3VybF9wYWdlIiwic2V0dGluZ3MiOnsicG9zdF9pZCI6Ijk3OCJ9fQ==@\u00bb url_new_window=\u00bbon\u00bb button_text=\u00bbReserva Hora\u00bb button_alignment=\u00bbcenter\u00bb _builder_version=\u00bb4.20.4&#8243; _dynamic_attributes=\u00bbbutton_url\u00bb _module_preset=\u00bbdefault\u00bb custom_button=\u00bbon\u00bb button_text_size=\u00bb18px\u00bb button_text_color=\u00bb#FFFFFF\u00bb button_bg_color=\u00bb#00304a\u00bb button_border_width=\u00bb0px\u00bb custom_padding=\u00bb||||true|true\u00bb custom_css_main_element=\u00bbwidth:100%;\u00bb global_colors_info=\u00bb{}\u00bb][\/et_pb_button][\/et_pb_column][\/et_pb_row][\/et_pb_section][et_pb_section fb_built=\u00bb1&#8243; _builder_version=\u00bb4.19.5&#8243; _module_preset=\u00bbdefault\u00bb custom_padding=\u00bb0px||40px||false|false\u00bb global_colors_info=\u00bb{}\u00bb][et_pb_row _builder_version=\u00bb4.19.5&#8243; _module_preset=\u00bbdefault\u00bb custom_padding=\u00bb50px||||false|false\u00bb global_colors_info=\u00bb{}\u00bb][et_pb_column type=\u00bb4_4&#8243; _builder_version=\u00bb4.19.5&#8243; _module_preset=\u00bbdefault\u00bb global_colors_info=\u00bb{}\u00bb][et_pb_text _builder_version=\u00bb4.19.5&#8243; _module_preset=\u00bbdefault\u00bb text_text_color=\u00bb#27c0a5&#8243; text_font_size=\u00bb18px\u00bb header_font=\u00bb|700|||||||\u00bb header_text_color=\u00bb#27c0a5&#8243; header_font_size=\u00bb23px\u00bb custom_margin=\u00bb||4px|||\u00bb text_font_size_tablet=\u00bb18px\u00bb text_font_size_phone=\u00bb14px\u00bb text_font_size_last_edited=\u00bbon|desktop\u00bb header_font_size_tablet=\u00bb\u00bb header_font_size_phone=\u00bb18px\u00bb header_font_size_last_edited=\u00bbon|phone\u00bb locked=\u00bboff\u00bb global_colors_info=\u00bb{}\u00bb]<\/p>\n<h1>&gt; Unidad Dental San Agust\u00edn<\/h1>\n<p>[\/et_pb_text][et_pb_text _builder_version=\u00bb4.19.5&#8243; _module_preset=\u00bbdefault\u00bb text_text_color=\u00bb#7d7d7d\u00bb custom_padding=\u00bb20px||20px||true|false\u00bb text_font_size_tablet=\u00bb\u00bb text_font_size_phone=\u00bb\u00bb text_font_size_last_edited=\u00bbon|phone\u00bb global_colors_info=\u00bb{}\u00bb]<\/p>\n<p>Nuestra \u00e1rea dental cuenta con modernas consultas dentales que est\u00e1n provistas de equipos e insumos de primer nivel debidamente acreditadas, por la superintendencia de salud, que nos permite resolver diagn\u00f3stico, tratamiento y en caso de ser necesario, cirug\u00eda dental, en un solo lugar.<\/p>\n<p>[\/et_pb_text][\/et_pb_column][\/et_pb_row][et_pb_row column_structure=\u00bb1_2,1_2&#8243; _builder_version=\u00bb4.19.5&#8243; _module_preset=\u00bbdefault\u00bb custom_padding=\u00bb0px|||||\u00bb global_colors_info=\u00bb{}\u00bb][et_pb_column type=\u00bb1_2&#8243; _builder_version=\u00bb4.19.5&#8243; _module_preset=\u00bbdefault\u00bb global_colors_info=\u00bb{}\u00bb][et_pb_blurb title=\u00bbOdontolog\u00eda General\u00bb image=\u00bbhttps:\/\/www.saludsanagustin.cl\/csa\/wp-content\/uploads\/2023\/02\/flecha-especialidades.svg\u00bb icon_placement=\u00bbleft\u00bb image_icon_width=\u00bb100%\u00bb image_icon_width_tablet=\u00bb100%\u00bb image_icon_width_phone=\u00bb100%\u00bb image_icon_width_last_edited=\u00bbon|phone\u00bb _builder_version=\u00bb4.19.5&#8243; _module_preset=\u00bbdefault\u00bb header_text_color=\u00bb#7d7d7d\u00bb custom_margin=\u00bb0px||10px||false|false\u00bb custom_padding=\u00bb||||true|false\u00bb header_font_size_tablet=\u00bb\u00bb header_font_size_phone=\u00bb\u00bb header_font_size_last_edited=\u00bbon|phone\u00bb custom_css_blurb_title=\u00bbmargin-top:8px;\u00bb global_colors_info=\u00bb{}\u00bb header_letter_spacing__hover_enabled=\u00bboff|desktop\u00bb][\/et_pb_blurb][et_pb_blurb title=\u00bbCirug\u00eda Dental\u00bb image=\u00bbhttps:\/\/www.saludsanagustin.cl\/csa\/wp-content\/uploads\/2023\/02\/flecha-especialidades.svg\u00bb icon_placement=\u00bbleft\u00bb _builder_version=\u00bb4.19.5&#8243; _module_preset=\u00bbdefault\u00bb header_text_color=\u00bb#7d7d7d\u00bb custom_margin=\u00bb0px||10px||false|false\u00bb custom_padding=\u00bb||||true|false\u00bb header_font_size_tablet=\u00bb\u00bb header_font_size_phone=\u00bb\u00bb header_font_size_last_edited=\u00bbon|desktop\u00bb custom_css_blurb_title=\u00bbmargin-top:8px;\u00bb global_colors_info=\u00bb{}\u00bb header_letter_spacing__hover_enabled=\u00bboff|desktop\u00bb][\/et_pb_blurb][et_pb_blurb title=\u00bbEndodoncia\u00bb image=\u00bbhttps:\/\/www.saludsanagustin.cl\/csa\/wp-content\/uploads\/2023\/02\/flecha-especialidades.svg\u00bb icon_placement=\u00bbleft\u00bb _builder_version=\u00bb4.19.5&#8243; _module_preset=\u00bbdefault\u00bb header_text_color=\u00bb#7d7d7d\u00bb custom_margin=\u00bb0px||10px||false|false\u00bb custom_padding=\u00bb||||true|false\u00bb header_font_size_tablet=\u00bb\u00bb header_font_size_phone=\u00bb\u00bb header_font_size_last_edited=\u00bbon|desktop\u00bb custom_css_blurb_title=\u00bbmargin-top:8px;\u00bb global_colors_info=\u00bb{}\u00bb header_letter_spacing__hover_enabled=\u00bboff|desktop\u00bb][\/et_pb_blurb][et_pb_blurb title=\u00bbImplantolog\u00eda\u00bb image=\u00bbhttps:\/\/www.saludsanagustin.cl\/csa\/wp-content\/uploads\/2023\/02\/flecha-especialidades.svg\u00bb icon_placement=\u00bbleft\u00bb _builder_version=\u00bb4.19.5&#8243; _module_preset=\u00bbdefault\u00bb header_text_color=\u00bb#7d7d7d\u00bb custom_margin=\u00bb0px||10px||false|false\u00bb custom_padding=\u00bb||||true|false\u00bb header_font_size_tablet=\u00bb\u00bb header_font_size_phone=\u00bb\u00bb header_font_size_last_edited=\u00bbon|desktop\u00bb custom_css_blurb_title=\u00bbmargin-top:8px;\u00bb global_colors_info=\u00bb{}\u00bb header_letter_spacing__hover_enabled=\u00bboff|desktop\u00bb][\/et_pb_blurb][\/et_pb_column][et_pb_column type=\u00bb1_2&#8243; _builder_version=\u00bb4.19.5&#8243; _module_preset=\u00bbdefault\u00bb global_colors_info=\u00bb{}\u00bb][et_pb_blurb title=\u00bbPeriodoncia\u00bb image=\u00bbhttps:\/\/www.saludsanagustin.cl\/csa\/wp-content\/uploads\/2023\/02\/flecha-especialidades.svg\u00bb icon_placement=\u00bbleft\u00bb _builder_version=\u00bb4.19.5&#8243; _module_preset=\u00bbdefault\u00bb header_text_color=\u00bb#7d7d7d\u00bb custom_margin=\u00bb0px||10px||false|false\u00bb custom_padding=\u00bb||||true|false\u00bb header_font_size_tablet=\u00bb\u00bb header_font_size_phone=\u00bb\u00bb header_font_size_last_edited=\u00bbon|desktop\u00bb custom_css_blurb_title=\u00bbmargin-top:8px;\u00bb global_colors_info=\u00bb{}\u00bb header_letter_spacing__hover_enabled=\u00bboff|desktop\u00bb][\/et_pb_blurb][et_pb_blurb title=\u00bbOdontopediatr\u00eda\u00bb image=\u00bbhttps:\/\/www.saludsanagustin.cl\/csa\/wp-content\/uploads\/2023\/02\/flecha-especialidades.svg\u00bb icon_placement=\u00bbleft\u00bb _builder_version=\u00bb4.19.5&#8243; _module_preset=\u00bbdefault\u00bb header_text_color=\u00bb#7d7d7d\u00bb custom_margin=\u00bb0px||10px||false|false\u00bb custom_padding=\u00bb||||true|false\u00bb header_font_size_tablet=\u00bb\u00bb header_font_size_phone=\u00bb\u00bb header_font_size_last_edited=\u00bbon|desktop\u00bb custom_css_blurb_title=\u00bbmargin-top:8px;\u00bb global_colors_info=\u00bb{}\u00bb header_letter_spacing__hover_enabled=\u00bboff|desktop\u00bb][\/et_pb_blurb][et_pb_blurb title=\u00bbOrtodoncia\u00bb image=\u00bbhttps:\/\/www.saludsanagustin.cl\/csa\/wp-content\/uploads\/2023\/02\/flecha-especialidades.svg\u00bb icon_placement=\u00bbleft\u00bb _builder_version=\u00bb4.19.5&#8243; _module_preset=\u00bbdefault\u00bb header_text_color=\u00bb#7d7d7d\u00bb custom_margin=\u00bb0px||10px||false|false\u00bb custom_padding=\u00bb||||true|false\u00bb header_font_size_tablet=\u00bb\u00bb header_font_size_phone=\u00bb\u00bb header_font_size_last_edited=\u00bbon|desktop\u00bb custom_css_blurb_title=\u00bbmargin-top:8px;\u00bb global_colors_info=\u00bb{}\u00bb header_letter_spacing__hover_enabled=\u00bboff|desktop\u00bb][\/et_pb_blurb][et_pb_blurb title=\u00bbRadiolog\u00eda Dental\u00bb image=\u00bbhttps:\/\/www.saludsanagustin.cl\/csa\/wp-content\/uploads\/2023\/02\/flecha-especialidades.svg\u00bb icon_placement=\u00bbleft\u00bb _builder_version=\u00bb4.19.5&#8243; _module_preset=\u00bbdefault\u00bb header_text_color=\u00bb#7d7d7d\u00bb custom_margin=\u00bb0px||10px||false|false\u00bb custom_padding=\u00bb||||true|false\u00bb header_font_size_tablet=\u00bb\u00bb header_font_size_phone=\u00bb\u00bb header_font_size_last_edited=\u00bbon|desktop\u00bb custom_css_blurb_title=\u00bbmargin-top:8px;\u00bb global_colors_info=\u00bb{}\u00bb header_letter_spacing__hover_enabled=\u00bboff|desktop\u00bb][\/et_pb_blurb][\/et_pb_column][\/et_pb_row][\/et_pb_section][et_pb_section fb_built=\u00bb1&#8243; _builder_version=\u00bb4.19.5&#8243; _module_preset=\u00bbdefault\u00bb background_color=\u00bb#eff9ff\u00bb custom_padding=\u00bb20px||20px||true|false\u00bb locked=\u00bboff\u00bb global_colors_info=\u00bb{}\u00bb][et_pb_row make_equal=\u00bbon\u00bb _builder_version=\u00bb4.19.5&#8243; _module_preset=\u00bbdefault\u00bb custom_padding=\u00bb||0px||false|false\u00bb custom_css_main_element=\u00bbalign-items:center;\u00bb global_colors_info=\u00bb{}\u00bb][et_pb_column type=\u00bb4_4&#8243; _builder_version=\u00bb4.19.5&#8243; _module_preset=\u00bbdefault\u00bb global_colors_info=\u00bb{}\u00bb][et_pb_text _builder_version=\u00bb4.19.5&#8243; _module_preset=\u00bbdefault\u00bb header_font=\u00bb|700|||||||\u00bb header_text_color=\u00bb#1a4174&#8243; header_font_size=\u00bb23px\u00bb custom_margin=\u00bb||4px|||\u00bb header_font_size_tablet=\u00bb\u00bb header_font_size_phone=\u00bb18px\u00bb header_font_size_last_edited=\u00bbon|phone\u00bb global_colors_info=\u00bb{}\u00bb]<\/p>\n<h1>&gt; Beneficios San Agust\u00edn<\/h1>\n<p>[\/et_pb_text][\/et_pb_column][\/et_pb_row][et_pb_row _builder_version=\u00bb4.19.5&#8243; _module_preset=\u00bbdefault\u00bb global_colors_info=\u00bb{}\u00bb][et_pb_column type=\u00bb4_4&#8243; _builder_version=\u00bb4.19.5&#8243; _module_preset=\u00bbdefault\u00bb global_colors_info=\u00bb{}\u00bb][et_pb_text _builder_version=\u00bb4.19.5&#8243; _module_preset=\u00bbdefault\u00bb text_text_color=\u00bb#7d7d7d\u00bb global_colors_info=\u00bb{}\u00bb]<\/p>\n<p>En nuestra unidad, nuestro compromiso es de resolver su situaci\u00f3n de salud, sin cobrar de m\u00e1s, y contamos con <strong>tarjeta cedible exclusiva para todos nuestros pacientes y sus familias.<\/strong><br \/>Tambi\u00e9n estamos adheridos a los diversos programas solidarios de nuestro centro de salud.<\/p>\n<p>[\/et_pb_text][\/et_pb_column][\/et_pb_row][et_pb_row column_structure=\u00bb1_2,1_2&#8243; use_custom_gutter=\u00bbon\u00bb gutter_width=\u00bb1&#8243; module_class=\u00bbdos-columnas\u00bb _builder_version=\u00bb4.19.5&#8243; _module_preset=\u00bbdefault\u00bb global_colors_info=\u00bb{}\u00bb][et_pb_column type=\u00bb1_2&#8243; _builder_version=\u00bb4.19.5&#8243; _module_preset=\u00bbdefault\u00bb global_colors_info=\u00bb{}\u00bb][et_pb_image src=\u00bbhttps:\/\/www.saludsanagustin.cl\/csa\/wp-content\/uploads\/2023\/02\/tarjeta-beneficios.png\u00bb align=\u00bbcenter\u00bb _builder_version=\u00bb4.20.4&#8243; _module_preset=\u00bbdefault\u00bb hover_enabled=\u00bb0&#8243; global_colors_info=\u00bb{}\u00bb sticky_enabled=\u00bb0&#8243;][\/et_pb_image][\/et_pb_column][et_pb_column type=\u00bb1_2&#8243; _builder_version=\u00bb4.19.5&#8243; _module_preset=\u00bbdefault\u00bb global_colors_info=\u00bb{}\u00bb][et_pb_image src=\u00bbhttps:\/\/www.saludsanagustin.cl\/csa\/wp-content\/uploads\/2023\/02\/adulto-protegido.png\u00bb align=\u00bbcenter\u00bb _builder_version=\u00bb4.20.4&#8243; _module_preset=\u00bbdefault\u00bb hover_enabled=\u00bb0&#8243; global_colors_info=\u00bb{}\u00bb sticky_enabled=\u00bb0&#8243;][\/et_pb_image][\/et_pb_column][\/et_pb_row][\/et_pb_section]<\/p>\n","protected":false},"excerpt":{"rendered":"<p>&gt; Agenda tu horaAgende su hora y agilice el proceso para una atenci\u00f3n r\u00e1pida y oportuna.Horarios de Atenci\u00f3n de Lunes a viernes de 09:00 a 18:00 horas yS\u00e1bados de 09:00 a 12:00 horas.&gt; Unidad Dental San Agust\u00ednNuestra \u00e1rea dental cuenta con modernas consultas dentales que est\u00e1n provistas de equipos e insumos de primer nivel debidamente [&hellip;]<\/p>\n","protected":false},"author":1,"featured_media":0,"parent":47,"menu_order":0,"comment_status":"closed","ping_status":"closed","template":"","meta":{"_et_pb_use_builder":"on","_et_pb_old_content":"","_et_gb_content_width":"","inline_featured_image":false,"footnotes":""},"class_list":["post-425","page","type-page","status-publish","hentry"],"_links":{"self":[{"href":"https:\/\/www.saludsanagustin.cl\/csa\/wp-json\/wp\/v2\/pages\/425","targetHints":{"allow":["GET"]}}],"collection":[{"href":"https:\/\/www.saludsanagustin.cl\/csa\/wp-json\/wp\/v2\/pages"}],"about":[{"href":"https:\/\/www.saludsanagustin.cl\/csa\/wp-json\/wp\/v2\/types\/page"}],"author":[{"embeddable":true,"href":"https:\/\/www.saludsanagustin.cl\/csa\/wp-json\/wp\/v2\/users\/1"}],"replies":[{"embeddable":true,"href":"https:\/\/www.saludsanagustin.cl\/csa\/wp-json\/wp\/v2\/comments?post=425"}],"version-history":[{"count":18,"href":"https:\/\/www.saludsanagustin.cl\/csa\/wp-json\/wp\/v2\/pages\/425\/revisions"}],"predecessor-version":[{"id":2909,"href":"https:\/\/www.saludsanagustin.cl\/csa\/wp-json\/wp\/v2\/pages\/425\/revisions\/2909"}],"up":[{"embeddable":true,"href":"https:\/\/www.saludsanagustin.cl\/csa\/wp-json\/wp\/v2\/pages\/47"}],"wp:attachment":[{"href":"https:\/\/www.saludsanagustin.cl\/csa\/wp-json\/wp\/v2\/media?parent=425"}],"curies":[{"name":"wp","href":"https:\/\/api.w.org\/{rel}","templated":true}]}}