{"id":247,"date":"2023-02-11T12:38:27","date_gmt":"2023-02-11T12:38:27","guid":{"rendered":"https:\/\/www.saludsanagustin.cl\/csa\/?page_id=247"},"modified":"2023-02-14T16:19:16","modified_gmt":"2023-02-14T16:19:16","slug":"hitos-de-nuestra-clinica","status":"publish","type":"page","link":"https:\/\/www.saludsanagustin.cl\/csa\/nosotros\/hitos-de-nuestra-clinica\/","title":{"rendered":"Hitos de nuestra Cl\u00ednica"},"content":{"rendered":"\n[et_pb_section fb_built=\u00bb1&#8243; _builder_version=\u00bb4.19.5&#8243; _module_preset=\u00bbdefault\u00bb global_colors_info=\u00bb{}\u00bb][et_pb_row _builder_version=\u00bb4.19.5&#8243; _module_preset=\u00bbdefault\u00bb global_colors_info=\u00bb{}\u00bb][et_pb_column type=\u00bb4_4&#8243; _builder_version=\u00bb4.19.5&#8243; _module_preset=\u00bbdefault\u00bb global_colors_info=\u00bb{}\u00bb][et_pb_text _builder_version=\u00bb4.19.5&#8243; _module_preset=\u00bbdefault\u00bb header_font=\u00bb|700|||||||\u00bb header_text_color=\u00bb#27c0a5&#8243; header_font_size=\u00bb23px\u00bb custom_margin=\u00bb||4px|||\u00bb hover_enabled=\u00bb0&#8243; header_font_size_tablet=\u00bb\u00bb header_font_size_phone=\u00bb18px\u00bb header_font_size_last_edited=\u00bbon|phone\u00bb locked=\u00bboff\u00bb global_colors_info=\u00bb{}\u00bb sticky_enabled=\u00bb0&#8243;]<h1>&gt; Hitos de nuestra cl\u00ednica<\/h1>[\/et_pb_text][et_pb_text _builder_version=\u00bb4.19.5&#8243; _module_preset=\u00bbdefault\u00bb text_text_color=\u00bb#1a4174&#8243; text_font_size=\u00bb20px\u00bb header_font=\u00bb|700|||||||\u00bb header_text_color=\u00bb#27c0a5&#8243; header_font_size=\u00bb28px\u00bb custom_margin=\u00bb21px||23px|||\u00bb text_font_size_tablet=\u00bb20px\u00bb text_font_size_phone=\u00bb16px\u00bb text_font_size_last_edited=\u00bbon|phone\u00bb header_font_size_tablet=\u00bb\u00bb header_font_size_phone=\u00bb24px\u00bb header_font_size_last_edited=\u00bbon|phone\u00bb locked=\u00bboff\u00bb global_colors_info=\u00bb{}\u00bb]<p><strong>L\u00ednea de tiempo<\/strong><br \/>Infraestructura<\/p>[\/et_pb_text][et_pb_image src=\u00bbhttps:\/\/www.saludsanagustin.cl\/csa\/wp-content\/uploads\/2023\/02\/hitos_.jpg\u00bb _builder_version=\u00bb4.19.5&#8243; _module_preset=\u00bbdefault\u00bb global_colors_info=\u00bb{}\u00bb][\/et_pb_image][et_pb_text _builder_version=\u00bb4.19.5&#8243; _module_preset=\u00bbdefault\u00bb text_text_color=\u00bb#1a4174&#8243; text_font_size=\u00bb20px\u00bb header_font=\u00bb|700|||||||\u00bb header_text_color=\u00bb#27c0a5&#8243; header_font_size=\u00bb28px\u00bb custom_margin=\u00bb43px||23px|||\u00bb text_font_size_tablet=\u00bb20px\u00bb text_font_size_phone=\u00bb16px\u00bb text_font_size_last_edited=\u00bbon|phone\u00bb header_font_size_tablet=\u00bb\u00bb header_font_size_phone=\u00bb24px\u00bb header_font_size_last_edited=\u00bbon|phone\u00bb locked=\u00bboff\u00bb global_colors_info=\u00bb{}\u00bb]<strong>L\u00ednea de tiempo<\/strong>\nTecnolog\u00eda M\u00e9dica[\/et_pb_text][et_pb_image src=\u00bbhttps:\/\/www.saludsanagustin.cl\/csa\/wp-content\/uploads\/2023\/02\/tecnologiamedica.jpg\u00bb _builder_version=\u00bb4.19.5&#8243; _module_preset=\u00bbdefault\u00bb global_colors_info=\u00bb{}\u00bb][\/et_pb_image][\/et_pb_column][\/et_pb_row][\/et_pb_section]\n","protected":false},"excerpt":{"rendered":"<p>&gt; Hitos de nuestra cl\u00ednicaL\u00ednea de tiempoInfraestructuraL\u00ednea de tiempo Tecnolog\u00eda M\u00e9dica<\/p>\n","protected":false},"author":1,"featured_media":0,"parent":44,"menu_order":0,"comment_status":"closed","ping_status":"closed","template":"","meta":{"_et_pb_use_builder":"on","_et_pb_old_content":"","_et_gb_content_width":"","inline_featured_image":false,"footnotes":""},"class_list":["post-247","page","type-page","status-publish","hentry"],"_links":{"self":[{"href":"https:\/\/www.saludsanagustin.cl\/csa\/wp-json\/wp\/v2\/pages\/247","targetHints":{"allow":["GET"]}}],"collection":[{"href":"https:\/\/www.saludsanagustin.cl\/csa\/wp-json\/wp\/v2\/pages"}],"about":[{"href":"https:\/\/www.saludsanagustin.cl\/csa\/wp-json\/wp\/v2\/types\/page"}],"author":[{"embeddable":true,"href":"https:\/\/www.saludsanagustin.cl\/csa\/wp-json\/wp\/v2\/users\/1"}],"replies":[{"embeddable":true,"href":"https:\/\/www.saludsanagustin.cl\/csa\/wp-json\/wp\/v2\/comments?post=247"}],"version-history":[{"count":9,"href":"https:\/\/www.saludsanagustin.cl\/csa\/wp-json\/wp\/v2\/pages\/247\/revisions"}],"predecessor-version":[{"id":388,"href":"https:\/\/www.saludsanagustin.cl\/csa\/wp-json\/wp\/v2\/pages\/247\/revisions\/388"}],"up":[{"embeddable":true,"href":"https:\/\/www.saludsanagustin.cl\/csa\/wp-json\/wp\/v2\/pages\/44"}],"wp:attachment":[{"href":"https:\/\/www.saludsanagustin.cl\/csa\/wp-json\/wp\/v2\/media?parent=247"}],"curies":[{"name":"wp","href":"https:\/\/api.w.org\/{rel}","templated":true}]}}